{"id":4857,"date":"2024-04-08T04:04:28","date_gmt":"2024-04-08T04:04:28","guid":{"rendered":"http:\/\/wearesuiters.com\/contact\/"},"modified":"2025-03-12T15:59:24","modified_gmt":"2025-03-12T15:59:24","slug":"contact","status":"publish","type":"page","link":"https:\/\/wearesuiters.com\/en\/contact\/","title":{"rendered":"Contact"},"content":{"rendered":"\t\t<div data-elementor-type=\"wp-page\" data-elementor-id=\"4857\" class=\"elementor elementor-4857 elementor-2246\" data-elementor-post-type=\"page\">\n\t\t\t\t<div class=\"elementor-element elementor-element-12d7150 e-flex e-con-boxed e-con e-parent\" data-id=\"12d7150\" data-element_type=\"container\" data-e-type=\"container\">\n\t\t\t\t\t<div class=\"e-con-inner\">\n\t\t\t\t<div class=\"elementor-element elementor-element-e0bf371 elementor-widget elementor-widget-heading\" data-id=\"e0bf371\" data-element_type=\"widget\" data-e-type=\"widget\" data-widget_type=\"heading.default\">\n\t\t\t\t<div class=\"elementor-widget-container\">\n\t\t\t\t\t<div class=\"elementor-heading-title elementor-size-default\">Book your suite now!<\/div>\t\t\t\t<\/div>\n\t\t\t\t<\/div>\n\t\t\t\t<div class=\"elementor-element elementor-element-3e54519 home_form  elementor-widget elementor-widget-wpforms\" data-id=\"3e54519\" data-element_type=\"widget\" data-e-type=\"widget\" data-widget_type=\"wpforms.default\">\n\t\t\t\t<div class=\"elementor-widget-container\">\n\t\t\t\t\t<style id=\"wpforms-css-vars-root\">\n\t\t\t\t:root {\n\t\t\t\t\t--wpforms-field-border-radius: 3px;\n--wpforms-field-background-color: #ffffff;\n--wpforms-field-border-color: rgba( 0, 0, 0, 0.25 );\n--wpforms-field-text-color: rgba( 0, 0, 0, 0.7 );\n--wpforms-label-color: rgba( 0, 0, 0, 0.85 );\n--wpforms-label-sublabel-color: rgba( 0, 0, 0, 0.55 );\n--wpforms-label-error-color: #d63637;\n--wpforms-button-border-radius: 3px;\n--wpforms-button-background-color: #066aab;\n--wpforms-button-text-color: #ffffff;\n--wpforms-page-break-color: #066aab;\n--wpforms-field-size-input-height: 43px;\n--wpforms-field-size-input-spacing: 15px;\n--wpforms-field-size-font-size: 16px;\n--wpforms-field-size-line-height: 19px;\n--wpforms-field-size-padding-h: 14px;\n--wpforms-field-size-checkbox-size: 16px;\n--wpforms-field-size-sublabel-spacing: 5px;\n--wpforms-field-size-icon-size: 1;\n--wpforms-label-size-font-size: 16px;\n--wpforms-label-size-line-height: 19px;\n--wpforms-label-size-sublabel-font-size: 14px;\n--wpforms-label-size-sublabel-line-height: 17px;\n--wpforms-button-size-font-size: 17px;\n--wpforms-button-size-height: 41px;\n--wpforms-button-size-padding-h: 15px;\n--wpforms-button-size-margin-top: 10px;\n\n\t\t\t\t}\n\t\t\t<\/style><style id=\"wpforms-css-vars-elementor-widget-3e54519\">\n\t\t\t\t.elementor-widget-wpforms.elementor-element-3e54519 {\n\t\t\t\t\t--wpforms-field-border-radius: 8px;\n--wpforms-field-background-color: #F5F8FA;\n--wpforms-field-border-color: #D2DBE6;\n--wpforms-label-color: #000000;\n--wpforms-button-border-radius: 50px;\n--wpforms-button-background-color: #000000;\n--wpforms-field-size-input-height: 43px;\n--wpforms-field-size-input-spacing: 15px;\n--wpforms-field-size-font-size: 16px;\n--wpforms-field-size-line-height: 19px;\n--wpforms-field-size-padding-h: 14px;\n--wpforms-field-size-checkbox-size: 16px;\n--wpforms-field-size-sublabel-spacing: 5px;\n--wpforms-field-size-icon-size: 1;\n--wpforms-label-size-font-size: 16px;\n--wpforms-label-size-line-height: 19px;\n--wpforms-label-size-sublabel-font-size: 14px;\n--wpforms-label-size-sublabel-line-height: 17px;\n--wpforms-button-size-font-size: 17px;\n--wpforms-button-size-height: 41px;\n--wpforms-button-size-padding-h: 15px;\n--wpforms-button-size-margin-top: 10px;\n\n\t\t\t\t}\n\t\t\t<\/style><div class=\"wpforms-container wpforms-container-full wpforms-render-modern\" id=\"wpforms-555\"><form id=\"wpforms-form-555\" class=\"wpforms-validate wpforms-form wpforms-ajax-form\" data-formid=\"555\" method=\"post\" enctype=\"multipart\/form-data\" action=\"\/en\/wp-json\/wp\/v2\/pages\/4857\"><noscript class=\"wpforms-error-noscript\">Please enable JavaScript in your browser to complete this form.<\/noscript><div class=\"wpforms-hidden\" id=\"wpforms-error-noscript\">Please enable JavaScript in your browser to complete this form.<\/div><div class=\"wpforms-field-container\"><div id=\"wpforms-555-field_4-container\" class=\"wpforms-field wpforms-field-layout\" data-field-id=\"4\"><label class=\"wpforms-field-label wpforms-label-hide\" for=\"wpforms-555-field_4\" aria-hidden=\"false\">Layout<\/label><div class=\"wpforms-field-layout-columns wpforms-field-layout-preset-50-50\"><div class=\"wpforms-layout-column wpforms-layout-column-50\"><div id=\"wpforms-555-field_6-container\" class=\"wpforms-field wpforms-field-text\" data-field-id=\"6\"><label class=\"wpforms-field-label\" for=\"wpforms-555-field_6\">Nombre <span class=\"wpforms-required-label\" aria-hidden=\"true\">*<\/span><\/label><input type=\"text\" id=\"wpforms-555-field_6\" class=\"wpforms-field-medium wpforms-field-required\" name=\"wpforms[fields][6]\" aria-errormessage=\"wpforms-555-field_6-error\" required><\/div><div id=\"wpforms-555-field_8-container\" class=\"wpforms-field wpforms-field-email\" data-field-id=\"8\"><label class=\"wpforms-field-label\" for=\"wpforms-555-field_8\">Email <span class=\"wpforms-required-label\" aria-hidden=\"true\">*<\/span><\/label><input type=\"email\" id=\"wpforms-555-field_8\" class=\"wpforms-field-medium wpforms-field-required\" name=\"wpforms[fields][8]\" spellcheck=\"false\" aria-errormessage=\"wpforms-555-field_8-error\" required><\/div><div id=\"wpforms-555-field_10-container\" class=\"wpforms-field wpforms-field-date-time\" data-field-id=\"10\"><label class=\"wpforms-field-label\" for=\"wpforms-555-field_10\">Fecha de nacimiento <span class=\"wpforms-required-label\" aria-hidden=\"true\">*<\/span><\/label><div class=\"wpforms-datepicker-wrap\"><input type=\"text\" id=\"wpforms-555-field_10\" class=\"wpforms-field-date-time-date wpforms-datepicker wpforms-field-required wpforms-field-medium\" data-date-format=\"m\/d\/Y\" data-disable-past-dates=\"0\" data-input=\"true\" name=\"wpforms[fields][10][date]\" aria-errormessage=\"wpforms-555-field_10-error\" required><a title=\"Clear Date\" data-clear class=\"wpforms-datepicker-clear\" style=\"display:none;\"><\/a><\/div><\/div><\/div><div class=\"wpforms-layout-column wpforms-layout-column-50\"><div id=\"wpforms-555-field_7-container\" class=\"wpforms-field wpforms-field-text\" data-field-id=\"7\"><label class=\"wpforms-field-label\" for=\"wpforms-555-field_7\">Apellido <span class=\"wpforms-required-label\" aria-hidden=\"true\">*<\/span><\/label><input type=\"text\" id=\"wpforms-555-field_7\" class=\"wpforms-field-medium wpforms-field-required\" name=\"wpforms[fields][7]\" aria-errormessage=\"wpforms-555-field_7-error\" required><\/div><div id=\"wpforms-555-field_14-container\" class=\"wpforms-field wpforms-field-phone\" data-field-id=\"14\"><label class=\"wpforms-field-label\" for=\"wpforms-555-field_14\">N\u00famero de tel\u00e9fono m\u00f3vil<\/label><input type=\"tel\" id=\"wpforms-555-field_14\" class=\"wpforms-field-medium wpforms-smart-phone-field\" data-rule-smart-phone-field=\"true\" name=\"wpforms[fields][14]\" aria-errormessage=\"wpforms-555-field_14-error\" ><\/div><div id=\"wpforms-555-field_11-container\" class=\"wpforms-field wpforms-field-text\" data-field-id=\"11\"><label class=\"wpforms-field-label\" for=\"wpforms-555-field_11\">Pa\u00eds\/ Regi\u00f3n <span class=\"wpforms-required-label\" aria-hidden=\"true\">*<\/span><\/label><input type=\"text\" id=\"wpforms-555-field_11\" class=\"wpforms-field-medium wpforms-field-required\" name=\"wpforms[fields][11]\" aria-errormessage=\"wpforms-555-field_11-error\" required><\/div><\/div><\/div><\/div><div id=\"wpforms-555-field_12-container\" class=\"wpforms-field wpforms-field-text\" data-field-id=\"12\"><label class=\"wpforms-field-label\" for=\"wpforms-555-field_12\">\u00bfA qu\u00e9 te dedicas? <span class=\"wpforms-required-label\" aria-hidden=\"true\">*<\/span><\/label><input type=\"text\" id=\"wpforms-555-field_12\" class=\"wpforms-field-large wpforms-field-required\" name=\"wpforms[fields][12]\" aria-errormessage=\"wpforms-555-field_12-error\" required><\/div><div id=\"wpforms-555-field_13-container\" class=\"wpforms-field wpforms-field-textarea\" data-field-id=\"13\"><label class=\"wpforms-field-label\" for=\"wpforms-555-field_13\">Motivo y duraci\u00f3n de la estancia <span class=\"wpforms-required-label\" aria-hidden=\"true\">*<\/span><\/label><textarea id=\"wpforms-555-field_13\" class=\"wpforms-field-medium wpforms-field-required\" name=\"wpforms[fields][13]\" aria-errormessage=\"wpforms-555-field_13-error\" required><\/textarea><\/div><\/div><!-- .wpforms-field-container --><div class=\"wpforms-submit-container\" ><input type=\"hidden\" name=\"wpforms[id]\" value=\"555\"><input type=\"hidden\" name=\"wpforms[author]\" value=\"10\"><input type=\"hidden\" class=\"wpforms-token\" name=\"wpforms[token]\" value=\"3738050401459712ba04d7aea565e413\" \/><button type=\"submit\" name=\"wpforms[submit]\" id=\"wpforms-submit-555\" class=\"wpforms-submit\" data-alt-text=\"Sending...\" data-submit-text=\"Enviar\" aria-live=\"assertive\" value=\"wpforms-submit\">Enviar<\/button><img decoding=\"async\" src=\"https:\/\/wearesuiters.com\/wp-content\/plugins\/wpforms\/assets\/images\/submit-spin.svg\" class=\"wpforms-submit-spinner\" style=\"display: none;\" width=\"26\" height=\"26\" alt=\"Loading\"><\/div><\/form><\/div>  <!-- .wpforms-container -->\t\t\t\t<\/div>\n\t\t\t\t<\/div>\n\t\t\t\t\t<\/div>\n\t\t\t\t<\/div>\n\t\t\t\t<\/div>\n\t\t","protected":false},"excerpt":{"rendered":"<p>Book your suite now! Por favor, activa JavaScript en tu navegador para completar este formulario.Por favor, activa JavaScript en tu navegador para completar este formulario.LayoutNombre *Email *Fecha de nacimiento *Apellido *N\u00famero de tel\u00e9fono m\u00f3vilPa\u00eds\/ Regi\u00f3n *\u00bfA qu\u00e9 te dedicas? *Motivo y duraci\u00f3n de la estancia * Enviar<\/p>\n","protected":false},"author":10,"featured_media":0,"parent":0,"menu_order":0,"comment_status":"closed","ping_status":"closed","template":"elementor_header_footer","meta":{"footnotes":""},"class_list":["post-4857","page","type-page","status-publish","hentry"],"aioseo_notices":[],"yoast_head":"<!-- This site is optimized with the Yoast SEO plugin v27.3 - https:\/\/yoast.com\/product\/yoast-seo-wordpress\/ -->\n<title>Contact - Suiters<\/title>\n<meta name=\"description\" content=\"Suites of between 20 and 30 m2, exterior and with panoramic window for one or two people. Weekly cleaning, own wifi\" \/>\n<meta name=\"robots\" content=\"noindex, nofollow\" \/>\n<meta property=\"og:locale\" content=\"en_US\" \/>\n<meta property=\"og:type\" content=\"article\" \/>\n<meta property=\"og:title\" content=\"Contact - Suiters\" \/>\n<meta property=\"og:description\" content=\"Suites of between 20 and 30 m2, exterior and with panoramic window for one or two people. Weekly cleaning, own wifi\" \/>\n<meta property=\"og:url\" content=\"https:\/\/wearesuiters.com\/en\/contact\/\" \/>\n<meta property=\"og:site_name\" content=\"Suiters\" \/>\n<meta property=\"article:modified_time\" content=\"2025-03-12T15:59:24+00:00\" \/>\n<meta property=\"og:image\" content=\"https:\/\/wearesuiters.com\/wp-content\/plugins\/wpforms\/assets\/images\/submit-spin.svg\" \/>\n<meta name=\"twitter:card\" content=\"summary_large_image\" \/>\n<meta name=\"twitter:label1\" content=\"Est. reading time\" \/>\n\t<meta name=\"twitter:data1\" content=\"1 minute\" \/>\n<script type=\"application\/ld+json\" class=\"yoast-schema-graph\">{\"@context\":\"https:\\\/\\\/schema.org\",\"@graph\":[{\"@type\":\"WebPage\",\"@id\":\"https:\\\/\\\/wearesuiters.com\\\/en\\\/contact\\\/\",\"url\":\"https:\\\/\\\/wearesuiters.com\\\/en\\\/contact\\\/\",\"name\":\"Contact - Suiters\",\"isPartOf\":{\"@id\":\"https:\\\/\\\/wearesuiters.com\\\/en\\\/#website\"},\"primaryImageOfPage\":{\"@id\":\"https:\\\/\\\/wearesuiters.com\\\/en\\\/contact\\\/#primaryimage\"},\"image\":{\"@id\":\"https:\\\/\\\/wearesuiters.com\\\/en\\\/contact\\\/#primaryimage\"},\"thumbnailUrl\":\"https:\\\/\\\/wearesuiters.com\\\/wp-content\\\/plugins\\\/wpforms\\\/assets\\\/images\\\/submit-spin.svg\",\"datePublished\":\"2024-04-08T04:04:28+00:00\",\"dateModified\":\"2025-03-12T15:59:24+00:00\",\"description\":\"Suites of between 20 and 30 m2, exterior and with panoramic window for one or two people. Weekly cleaning, own wifi\",\"breadcrumb\":{\"@id\":\"https:\\\/\\\/wearesuiters.com\\\/en\\\/contact\\\/#breadcrumb\"},\"inLanguage\":\"en-US\",\"potentialAction\":[{\"@type\":\"ReadAction\",\"target\":[\"https:\\\/\\\/wearesuiters.com\\\/en\\\/contact\\\/\"]}]},{\"@type\":\"ImageObject\",\"inLanguage\":\"en-US\",\"@id\":\"https:\\\/\\\/wearesuiters.com\\\/en\\\/contact\\\/#primaryimage\",\"url\":\"https:\\\/\\\/wearesuiters.com\\\/wp-content\\\/plugins\\\/wpforms\\\/assets\\\/images\\\/submit-spin.svg\",\"contentUrl\":\"https:\\\/\\\/wearesuiters.com\\\/wp-content\\\/plugins\\\/wpforms\\\/assets\\\/images\\\/submit-spin.svg\"},{\"@type\":\"BreadcrumbList\",\"@id\":\"https:\\\/\\\/wearesuiters.com\\\/en\\\/contact\\\/#breadcrumb\",\"itemListElement\":[{\"@type\":\"ListItem\",\"position\":1,\"name\":\"Home\",\"item\":\"https:\\\/\\\/wearesuiters.com\\\/en\\\/\"},{\"@type\":\"ListItem\",\"position\":2,\"name\":\"Contact\"}]},{\"@type\":\"WebSite\",\"@id\":\"https:\\\/\\\/wearesuiters.com\\\/en\\\/#website\",\"url\":\"https:\\\/\\\/wearesuiters.com\\\/en\\\/\",\"name\":\"Suiters\",\"description\":\"SUITERS\",\"potentialAction\":[{\"@type\":\"SearchAction\",\"target\":{\"@type\":\"EntryPoint\",\"urlTemplate\":\"https:\\\/\\\/wearesuiters.com\\\/en\\\/?s={search_term_string}\"},\"query-input\":{\"@type\":\"PropertyValueSpecification\",\"valueRequired\":true,\"valueName\":\"search_term_string\"}}],\"inLanguage\":\"en-US\"}]}<\/script>\n<!-- \/ Yoast SEO plugin. -->","yoast_head_json":{"title":"Contact - Suiters","description":"Suites of between 20 and 30 m2, exterior and with panoramic window for one or two people. Weekly cleaning, own wifi","robots":{"index":"noindex","follow":"nofollow"},"og_locale":"en_US","og_type":"article","og_title":"Contact - Suiters","og_description":"Suites of between 20 and 30 m2, exterior and with panoramic window for one or two people. Weekly cleaning, own wifi","og_url":"https:\/\/wearesuiters.com\/en\/contact\/","og_site_name":"Suiters","article_modified_time":"2025-03-12T15:59:24+00:00","og_image":[{"url":"https:\/\/wearesuiters.com\/wp-content\/plugins\/wpforms\/assets\/images\/submit-spin.svg","type":"","width":"","height":""}],"twitter_card":"summary_large_image","twitter_misc":{"Est. reading time":"1 minute"},"schema":{"@context":"https:\/\/schema.org","@graph":[{"@type":"WebPage","@id":"https:\/\/wearesuiters.com\/en\/contact\/","url":"https:\/\/wearesuiters.com\/en\/contact\/","name":"Contact - Suiters","isPartOf":{"@id":"https:\/\/wearesuiters.com\/en\/#website"},"primaryImageOfPage":{"@id":"https:\/\/wearesuiters.com\/en\/contact\/#primaryimage"},"image":{"@id":"https:\/\/wearesuiters.com\/en\/contact\/#primaryimage"},"thumbnailUrl":"https:\/\/wearesuiters.com\/wp-content\/plugins\/wpforms\/assets\/images\/submit-spin.svg","datePublished":"2024-04-08T04:04:28+00:00","dateModified":"2025-03-12T15:59:24+00:00","description":"Suites of between 20 and 30 m2, exterior and with panoramic window for one or two people. Weekly cleaning, own wifi","breadcrumb":{"@id":"https:\/\/wearesuiters.com\/en\/contact\/#breadcrumb"},"inLanguage":"en-US","potentialAction":[{"@type":"ReadAction","target":["https:\/\/wearesuiters.com\/en\/contact\/"]}]},{"@type":"ImageObject","inLanguage":"en-US","@id":"https:\/\/wearesuiters.com\/en\/contact\/#primaryimage","url":"https:\/\/wearesuiters.com\/wp-content\/plugins\/wpforms\/assets\/images\/submit-spin.svg","contentUrl":"https:\/\/wearesuiters.com\/wp-content\/plugins\/wpforms\/assets\/images\/submit-spin.svg"},{"@type":"BreadcrumbList","@id":"https:\/\/wearesuiters.com\/en\/contact\/#breadcrumb","itemListElement":[{"@type":"ListItem","position":1,"name":"Home","item":"https:\/\/wearesuiters.com\/en\/"},{"@type":"ListItem","position":2,"name":"Contact"}]},{"@type":"WebSite","@id":"https:\/\/wearesuiters.com\/en\/#website","url":"https:\/\/wearesuiters.com\/en\/","name":"Suiters","description":"SUITERS","potentialAction":[{"@type":"SearchAction","target":{"@type":"EntryPoint","urlTemplate":"https:\/\/wearesuiters.com\/en\/?s={search_term_string}"},"query-input":{"@type":"PropertyValueSpecification","valueRequired":true,"valueName":"search_term_string"}}],"inLanguage":"en-US"}]}},"_links":{"self":[{"href":"https:\/\/wearesuiters.com\/en\/wp-json\/wp\/v2\/pages\/4857","targetHints":{"allow":["GET"]}}],"collection":[{"href":"https:\/\/wearesuiters.com\/en\/wp-json\/wp\/v2\/pages"}],"about":[{"href":"https:\/\/wearesuiters.com\/en\/wp-json\/wp\/v2\/types\/page"}],"author":[{"embeddable":true,"href":"https:\/\/wearesuiters.com\/en\/wp-json\/wp\/v2\/users\/10"}],"replies":[{"embeddable":true,"href":"https:\/\/wearesuiters.com\/en\/wp-json\/wp\/v2\/comments?post=4857"}],"version-history":[{"count":4,"href":"https:\/\/wearesuiters.com\/en\/wp-json\/wp\/v2\/pages\/4857\/revisions"}],"predecessor-version":[{"id":9121,"href":"https:\/\/wearesuiters.com\/en\/wp-json\/wp\/v2\/pages\/4857\/revisions\/9121"}],"wp:attachment":[{"href":"https:\/\/wearesuiters.com\/en\/wp-json\/wp\/v2\/media?parent=4857"}],"curies":[{"name":"wp","href":"https:\/\/api.w.org\/{rel}","templated":true}]}}